{"id":482,"date":"2022-11-24T19:09:23","date_gmt":"2022-11-24T19:09:23","guid":{"rendered":"https:\/\/educamex.mx\/?page_id=482"},"modified":"2022-11-24T20:39:09","modified_gmt":"2022-11-24T20:39:09","slug":"aviso-de-privacidad","status":"publish","type":"page","link":"https:\/\/educamex.mx\/en\/aviso-de-privacidad\/","title":{"rendered":"Aviso de Privacidad"},"content":{"rendered":"<p style=\"text-align: center;\">AVISO DE PRIVACIDAD EDUCAMEX INTERCAMPUS SC<\/p>\n<p style=\"text-align: justify;\"><strong>Educamex Intercampus SC,<\/strong> mejor conocido como Corporativo Educamex, con domicilio fiscal en R\u00edo P\u00e1nuco 564, colonia Navarro, ciudad Torre\u00f3n, municipio o delegaci\u00f3n Torre\u00f3n, C.P. 27010, en la entidad de Coahuila, pa\u00eds Mexico, y portal de internet <span style=\"\"><a href=\"http:\/\/Educamex.mx\" style=\"outline: none;\"><span style=\"\">Educamex.mx<\/span><\/a><\/span>, es el responsable del uso y protecci\u00f3n de sus datos personales, y al respecto le informamos lo siguiente:<strong>\u00bfPara qu\u00e9 fines utilizaremos sus datos personales?<\/strong><\/p>\n<p style=\"text-align: justify;\">Los datos personales que recabamos de usted, los utilizaremos para las siguientes finalidades que son necesarias para el servicio que solicita:<\/p>\n<ul>\n<li style=\"text-align: justify;\">Para env\u00edo de informaci\u00f3n de alumnos.<\/li>\n<li style=\"text-align: justify;\">Env\u00edo de estados de cuenta.<\/li>\n<li style=\"text-align: justify;\">Env\u00edo de facturas.<\/li>\n<li style=\"text-align: justify;\">Cobranza.<\/li>\n<li style=\"text-align: justify;\">Mercadotecnia o publicitaria.<\/li>\n<\/ul>\n<p style=\"\"><strong>\u00bfQu\u00e9 datos personales utilizaremos para estos fines?<\/strong><\/p>\n<p style=\"\">Para llevar a cabo las finalidades descritas en el presente aviso de privacidad, utilizaremos los siguientes datos personales:<\/p>\n<ul>\n<li style=\"\">Nombre.<\/li>\n<li style=\"\">Estado Civil.<\/li>\n<li style=\"\">Registro Federal de Contribuyentes (RFC).<\/li>\n<li style=\"\">Clave \u00fanica de Registro de Poblaci\u00f3n (CURP).<\/li>\n<li style=\"\">Lugar de nacimiento.<\/li>\n<li style=\"\">Fecha de nacimiento.<\/li>\n<li style=\"\">Nacionalidad.<\/li>\n<li style=\"\">Domicilio.<\/li>\n<li style=\"\">Tel\u00e9fono particular.<\/li>\n<li style=\"\">Tel\u00e9fono celular.<\/li>\n<li style=\"\">Correo electr\u00f3nico.<\/li>\n<li style=\"\">Edad.<\/li>\n<li style=\"\">Puesto o cargo que desempe\u00f1a.<\/li>\n<li style=\"\">Domicilio de trabajo.<\/li>\n<li style=\"\">Correo electr\u00f3nico institucional.<\/li>\n<li style=\"\">Tel\u00e9fono institucional.<\/li>\n<\/ul>\n<p style=\"\"><strong>\u00bfC\u00f3mo puede acceder, rectificar o cancelar sus datos personales, u oponerse a su uso?<\/strong>Usted tiene derecho a conocer qu\u00e9 datos personales tenemos de usted, para qu\u00e9 los utilizamos y las condiciones del uso que les damos (Acceso). Asimismo, es su derecho solicitar la correcci\u00f3n de su informaci\u00f3n personal en caso de que est\u00e9 desactualizada, sea inexacta o incompleta (Rectificaci\u00f3n); que la eliminemos de nuestros registros o bases de datos cuando considere que la misma no est\u00e1 siendo utilizada adecuadamente (Cancelaci\u00f3n); as\u00ed como oponerse al uso de sus datos personales para fines espec\u00edficos (Oposici\u00f3n).Estos derechos se conocen como derechos ARCO.Para el ejercicio de cualquiera de los derechos ARCO, usted deber\u00e1 presentar la solicitud respectiva a trav\u00e9s del siguiente medio:Enviando correo a <a href=\"mailto:mercadotecnia.corp@institutosanford.edu.mx\" style=\"outline: none;\">mercadotecnia.corp@institutosanford.edu.mx<\/a>Para conocer el procedimiento y requisitos para el ejercicio de los derechos ARCO, ponemos a su disposici\u00f3n el siguiente medio:Acudiendo a nuestras oficinas.Los datos de contacto de la persona o departamento de datos personales, que est\u00e1 a cargo de dar tr\u00e1mite a las solicitudes de derechos ARCO, son los siguientes:<\/p>\n<ol>\n<li style=\"\">Nombre de la persona o departamento de datos personales: Mercadotecnia y admisiones<\/li>\n<li style=\"\">Domicilio: calle Blvd. de los grandes pintores 2151, colonia Las Etnias, ciudad Torre\u00f3n, municipio o delegaci\u00f3n Torre\u00f3n, c.p. 27058, en la entidad de Coahuila, pa\u00eds M\u00e9xico.<\/li>\n<li style=\"\">Correo electr\u00f3nico:&nbsp;<a href=\"mailto:mercadotecnia.corp@institutosanford.edu.mx\">mercadotecnia.corp@institutosanford.edu.mx<\/a><\/li>\n<li style=\"\">N\u00famero telef\u00f3nico: 8717318370.<\/li>\n<\/ol>\n<p style=\"\">Usted puede revocar su consentimiento para el uso de sus datos personales.Usted puede revocar el consentimiento que, en su caso, nos haya otorgado para el tratamiento de sus datos personales.Sin embargo, es importante que tenga en cuenta que no en todos los casos podremos atender su solicitud o concluir el uso de forma inmediata, ya que es posible que por alguna obligaci\u00f3n legal requiramos seguir tratando sus datos personales.Asimismo, usted deber\u00e1 considerar que para ciertos fines, la revocaci\u00f3n de suconsentimiento implicar\u00e1 que no le podamos seguir prestando el servicio que nos solicit\u00f3, o la conclusi\u00f3n de su relaci\u00f3n con nosotros.Para revocar su consentimiento deber\u00e1 presentar su solicitud a trav\u00e9s del siguiente medio:Enviar correo a <a href=\"mailto:mercadotecnia.corp@institutosanford.edu.mx\">mercadotecnia.corp@institutosanford.edu.mx<\/a>Para conocer el procedimiento y requisitos para la revocaci\u00f3n del consentimiento, ponemos a su disposici\u00f3n el siguiente medio:Enviando correo a <a href=\"mailto:mercadotecnia.corp@institutosanford.edu.mx\">mercadotecnia.corp@institutosanford.edu.mx<\/a><\/p>\n<p style=\"\"><strong>\u00bfC\u00f3mo puede limitar el uso o divulgaci\u00f3n de su informaci\u00f3n personal?<\/strong><\/p>\n<p style=\"\">Con objeto de que usted pueda limitar el uso y divulgaci\u00f3n de su informaci\u00f3n personal, le ofrecemos los siguientes medios:Enviar correo a <a href=\"mailto:mercadotecnia.corp@institutosanford.edu.mx\">mercadotecnia.corp@institutosanford.edu.mx<\/a><\/p>\n<p style=\"\"><strong>\u00bfC\u00f3mo puede conocer los cambios en este aviso de privacidad?<\/strong><\/p>\n<p style=\"\">El presente aviso de privacidad puede sufrir modificaciones, cambios o actualizaciones derivadas de nuevos requerimientos legales; de nuestras propias necesidades por los productos o servicios que ofrecemos; de nuestras pr\u00e1cticas de privacidad; de cambios en nuestro modelo de negocio, o por otras causas.Nos comprometemos a mantenerlo informado sobre los cambios que pueda sufrir el presente aviso de privacidad, a trav\u00e9s de: env\u00edo a correo de los titulares.El procedimiento a trav\u00e9s del cual se llevar\u00e1n a cabo las notificaciones sobre cambios o actualizaciones al presente aviso de privacidad es el siguiente:Env\u00edo de correo electr\u00f3nico dando a conocer los cambios <strong>\u00daltima actualizaci\u00f3n:&nbsp;28\/11\/2020<\/strong><\/p>","protected":false},"excerpt":{"rendered":"<p>AVISO DE PRIVACIDAD EDUCAMEX INTERCAMPUS SC Educamex Intercampus SC, mejor conocido como Corporativo Educamex, con domicilio fiscal en R\u00edo P\u00e1nuco 564, colonia Navarro, ciudad Torre\u00f3n, municipio o delegaci\u00f3n Torre\u00f3n, C.P. 27010, en la entidad de Coahuila, pa\u00eds Mexico, y portal de internet Educamex.mx, es el responsable del uso y protecci\u00f3n de sus datos personales, y [&hellip;]<\/p>","protected":false},"author":1,"featured_media":0,"parent":0,"menu_order":0,"comment_status":"closed","ping_status":"closed","template":"","meta":{"footnotes":""},"class_list":["post-482","page","type-page","status-publish","hentry","post-wrapper","thrv_wrapper"],"_links":{"self":[{"href":"https:\/\/educamex.mx\/en\/wp-json\/wp\/v2\/pages\/482","targetHints":{"allow":["GET"]}}],"collection":[{"href":"https:\/\/educamex.mx\/en\/wp-json\/wp\/v2\/pages"}],"about":[{"href":"https:\/\/educamex.mx\/en\/wp-json\/wp\/v2\/types\/page"}],"author":[{"embeddable":true,"href":"https:\/\/educamex.mx\/en\/wp-json\/wp\/v2\/users\/1"}],"replies":[{"embeddable":true,"href":"https:\/\/educamex.mx\/en\/wp-json\/wp\/v2\/comments?post=482"}],"version-history":[{"count":7,"href":"https:\/\/educamex.mx\/en\/wp-json\/wp\/v2\/pages\/482\/revisions"}],"predecessor-version":[{"id":494,"href":"https:\/\/educamex.mx\/en\/wp-json\/wp\/v2\/pages\/482\/revisions\/494"}],"wp:attachment":[{"href":"https:\/\/educamex.mx\/en\/wp-json\/wp\/v2\/media?parent=482"}],"curies":[{"name":"wp","href":"https:\/\/api.w.org\/{rel}","templated":true}]}}