{"id":538,"date":"2024-03-19T21:33:46","date_gmt":"2024-03-19T21:33:46","guid":{"rendered":"https:\/\/educamex.mx\/?page_id=538"},"modified":"2024-06-25T16:44:10","modified_gmt":"2024-06-25T16:44:10","slug":"es","status":"publish","type":"page","link":"https:\/\/educamex.mx\/en\/","title":{"rendered":"Inicio"},"content":{"rendered":"<p><span><img decoding=\"async\" alt=\"\" data-id=\"826\" width=\"280\" data-init-width=\"700\" height=\"280\" data-init-height=\"700\" title=\"Educamex (1)\" src=\"https:\/\/educamex.mx\/wp-content\/uploads\/2024\/04\/Educamex-1.png\" data-width=\"280\" data-height=\"280\" style=\"aspect-ratio: auto 700 \/ 700;\" loading=\"lazy\"><\/span><\/p>\n<p style=\"text-align: center;\">We are convinced that a <strong>comprehensive and quality education;<\/strong> is the <strong>most powerful and transformative tool<\/strong> what we have to promote the <strong>sustainable development<\/strong> and shape the future of our communities and nations.<strong>Welcome and thank you for taking the interest in getting to know us.<\/strong><\/p>\n<p><span><img decoding=\"async\" alt=\"\" data-id=\"559\" width=\"71\" data-init-width=\"189\" height=\"55\" data-init-height=\"146\" title=\"People_Icon\" src=\"https:\/\/educamex.mx\/wp-content\/uploads\/2024\/03\/People_Icon.png\" data-width=\"71\" data-height=\"55\" style=\"aspect-ratio: auto 189 \/ 146;\" loading=\"lazy\"><\/span><\/p>\n<p style=\"\">About Us<\/p>\n<p style=\"text-align: left;\">Why do we do what we do?<\/p>\n<p style=\"text-align: center;\">Who are we and where are we going?<\/p>\n<h1 style=\"text-align: left;\">We are a group of entrepreneurs who share a common vision: <strong>to transform education to empower future generations <\/strong>and build societies that <strong>are strong intellectually and emotionally.<\/strong><\/h1>\n<p style=\"text-align: left;\">We are committed to being agents of change, driving the quality and accessibility of education in our country. We recognize that education is the foundation for social and economic progress, and we are determined to contribute significantly to its improvement.<\/p>\n<p style=\"text-align: center;\">We are an educational group focused on providing quality service in Mexico, based on cutting-edge educational models with excellent facilities in two modalities: Instituto Sanford and Colegio \u00c1msterdam.\n\nWe seek to have a presence in the main cities of the country and to be the option for parents who seek to have the education their children need in a changing world.<\/p>\n<p style=\"text-align: center;\">Educational approach and mode<\/p>\n<p style=\"text-align: center;\">Aprendizaje aut\u00e9ntico, STEAM y socioemocional<\/p>\n<p style=\"text-align: center;\"><strong>STEAM<\/strong><\/p>\n<p style=\"text-align: center;\">Socioemotional<\/p>\n<p style=\"text-align: center;\"><strong>Authentic Learning<\/strong><\/p>\n<p style=\"text-align: center;\">En nuestras dos modalidades: Constructivista Social y Montessori<\/p>\n<p><span><img decoding=\"async\" alt=\"\" data-id=\"584\" width=\"264\" data-init-width=\"602\" height=\"81\" data-init-height=\"184\" title=\"Logo_Instituto_Sanford\" src=\"https:\/\/educamex.mx\/wp-content\/uploads\/2024\/03\/Logo_Instituto_Sanford.png\" data-width=\"264\" data-height=\"81\" style=\"aspect-ratio: auto 602 \/ 184;\" loading=\"lazy\"><\/span><span><img decoding=\"async\" alt=\"\" data-id=\"610\" width=\"290\" data-init-width=\"724\" height=\"291\" data-init-height=\"725\" title=\"img inf2\" src=\"https:\/\/educamex.mx\/wp-content\/uploads\/2024\/03\/img-inf2.png\" data-width=\"290\" data-height=\"291\" style=\"aspect-ratio: auto 724 \/ 725;\" loading=\"lazy\"><\/span><span><img decoding=\"async\" alt=\"\" data-id=\"590\" width=\"134\" data-init-width=\"267\" height=\"124\" data-init-height=\"246\" title=\"colegioamsterdam\" src=\"https:\/\/educamex.mx\/wp-content\/uploads\/2024\/03\/colegioamsterdam-e1710890724591.png\" data-width=\"134\" data-height=\"124\" style=\"aspect-ratio: auto 267 \/ 246;\" loading=\"lazy\"><\/span><span><img decoding=\"async\" alt=\"\" data-id=\"846\" width=\"252\" data-init-width=\"800\" height=\"252\" data-init-height=\"800\" title=\"Frame 3984 (1)\" src=\"https:\/\/educamex.mx\/wp-content\/uploads\/2024\/06\/Frame-3984-1.jpg\" data-width=\"252\" data-height=\"252\" style=\"aspect-ratio: auto 800 \/ 800;\" loading=\"lazy\"><\/span><span><img decoding=\"async\" alt=\"\" data-id=\"569\" width=\"113\" data-init-width=\"271\" height=\"113\" data-init-height=\"271\" title=\"Union2\" src=\"https:\/\/educamex.mx\/wp-content\/uploads\/2024\/03\/Union2.png\" data-width=\"113\" data-height=\"113\" style=\"aspect-ratio: auto 271 \/ 271;\" loading=\"lazy\"><\/span><span><img decoding=\"async\" alt=\"\" data-id=\"571\" width=\"56\" data-init-width=\"118\" height=\"56\" data-init-height=\"118\" title=\"Union4\" src=\"https:\/\/educamex.mx\/wp-content\/uploads\/2024\/03\/Union4.png\" data-width=\"56\" data-height=\"56\" style=\"aspect-ratio: auto 118 \/ 118;\" loading=\"lazy\"><\/span><span><img decoding=\"async\" alt=\"\" data-id=\"570\" width=\"56\" data-init-width=\"118\" height=\"56\" data-init-height=\"118\" title=\"Union3\" src=\"https:\/\/educamex.mx\/wp-content\/uploads\/2024\/03\/Union3.png\" data-width=\"56\" data-height=\"56\" style=\"aspect-ratio: auto 118 \/ 118;\" loading=\"lazy\"><\/span><span><img decoding=\"async\" alt=\"\" data-id=\"567\" width=\"113\" data-init-width=\"271\" height=\"113\" data-init-height=\"271\" title=\"Union\" src=\"https:\/\/educamex.mx\/wp-content\/uploads\/2024\/03\/Union.png\" data-width=\"113\" data-height=\"113\" style=\"aspect-ratio: auto 271 \/ 271;\" loading=\"lazy\"><\/span><\/p>\n<p style=\"text-align: center;\">Educational Models<\/p>\n<p><span><img decoding=\"async\" alt=\"\" data-id=\"623\" width=\"406\" data-init-width=\"1061\" height=\"312\" data-init-height=\"815\" title=\"Educamex_ModelosEducativos_Constructivista\" src=\"https:\/\/educamex.mx\/wp-content\/uploads\/2024\/03\/Educamex_ModelosEducativos_Constructivista.png\" data-width=\"406\" data-height=\"312\" style=\"aspect-ratio: auto 1061 \/ 815;\" loading=\"lazy\"><\/span><\/p>\n<p style=\"text-align: center;\">Social Constructivist<\/p>\n<p style=\"text-align: left;\">Methodology where the student builds their knowledge based on the tools and concepts that are given during the learning process and at the end they share it with their peers (colleagues) and continue to enrich it to apply it outside the classroom as part of their daily life, learning is active and different techniques are used within the same methodology: Project-based learning, case method, conflict resolution, communication techniques, analysis techniques in an active environment where our main focus is the student.<\/p>\n<p><span><img decoding=\"async\" alt=\"\" data-id=\"776\" width=\"192\" data-init-width=\"410\" height=\"76\" data-init-height=\"163\" title=\"Steam (1)\" src=\"https:\/\/educamex.mx\/wp-content\/uploads\/2024\/04\/Steam-1.png\" data-width=\"192\" data-height=\"76\" style=\"aspect-ratio: auto 410 \/ 163;\" loading=\"lazy\"><\/span><span><img decoding=\"async\" alt=\"\" data-id=\"627\" width=\"457\" data-init-width=\"1064\" height=\"350\" data-init-height=\"814\" title=\"Educamex_Modeloseducativos_Montessorri\" src=\"https:\/\/educamex.mx\/wp-content\/uploads\/2024\/03\/Educamex_Modeloseducativos_Montessorri.png\" data-width=\"457\" data-height=\"350\" style=\"aspect-ratio: auto 1064 \/ 814;\" loading=\"lazy\"><\/span><\/p>\n<p style=\"text-align: center;\">Montessori Philosophy<\/p>\n<p style=\"text-align: left;\">Devised by the Italian educator and physician Maria Montessori, it emphasizes developing the child's autonomy according to their stage of development. The work is project-based. The classroom (called the environment) is divided into different areas of study ranging from language to science, testing curiosity and analysis with materials specific to the philosophy for a real-life experience at their own pace.<\/p>\n<p><span><img decoding=\"async\" alt=\"\" data-id=\"776\" width=\"192\" data-init-width=\"410\" height=\"76\" data-init-height=\"163\" title=\"Steam (1)\" src=\"https:\/\/educamex.mx\/wp-content\/uploads\/2024\/04\/Steam-1.png\" data-width=\"192\" data-height=\"76\" style=\"aspect-ratio: auto 410 \/ 163;\" loading=\"lazy\"><\/span><\/p>\n<p style=\"text-align: center;\">Our Schools<\/p>\n<p style=\"text-align: center;\">Instituto Sanford Torreon<\/p>\n<p style=\"text-align: left;\">Creada en el 2008 en la ciudad de Torre\u00f3n Coahuila nace el colegio con una matr\u00edcula inicial de 115 llegando actualmente a mas de 1,500 alumnos. Instituci\u00f3n educativa basada en innovaci\u00f3n brindando un servicio integral a nuestras familias desarrollando personas con habilidades fundamentales, competencias y cualidades de car\u00e1cter, comprometidas con su entorno social, que les permitan desenvolverse en un mundo globalizado cambiante, a trav\u00e9s de un modelo educativo vanguardista enfocado en el aprendizaje aut\u00e9ntico, STEM y socioemocional.<\/p>\n<p><a href=\"https:\/\/goo.gl\/maps\/nxuN7Xzi36CEFiwV9\" target=\"_blank\" rel=\"noopener\"><span><img decoding=\"async\" alt=\"\" data-id=\"235\" width=\"24\" data-init-width=\"39\" height=\"32\" data-init-height=\"52\" title=\"location_educamex\" src=\"https:\/\/educamex.mx\/wp-content\/uploads\/2022\/07\/location_educamex.png\" data-width=\"24\" data-height=\"32\" style=\"aspect-ratio: auto 39 \/ 52;\" loading=\"lazy\"><\/span><\/a><a href=\"https:\/\/tresgo.mx\/server\/coah\/torreon\/institutosanford\/\" target=\"_blank\" rel=\"noopener\"><span><img decoding=\"async\" alt=\"\" data-id=\"105\" width=\"34\" data-init-width=\"35\" height=\"34\" data-init-height=\"35\" title=\"Educamex_Icono_3D\" src=\"https:\/\/educamex.mx\/wp-content\/uploads\/2022\/07\/Educamex_Icono_3D.png\" data-width=\"34\" data-height=\"34\" style=\"aspect-ratio: auto 35 \/ 35;\" loading=\"lazy\"><\/span><\/a><a href=\"https:\/\/wa.me\/5218713996588\" target=\"_blank\" rel=\"noopener\"><\/a><a href=\"https:\/\/goo.gl\/maps\/nxuN7Xzi36CEFiwV9\" target=\"_blank\" rel=\"noopener\"><span><img decoding=\"async\" alt=\"\" data-id=\"235\" width=\"24\" data-init-width=\"39\" height=\"32\" data-init-height=\"52\" title=\"location_educamex\" src=\"https:\/\/educamex.mx\/wp-content\/uploads\/2022\/07\/location_educamex.png\" data-width=\"24\" data-height=\"32\" style=\"aspect-ratio: auto 39 \/ 52;\" loading=\"lazy\"><\/span><\/a><a href=\"https:\/\/tresgo.mx\/server\/coah\/torreon\/institutosanford\/\" target=\"_blank\" rel=\"noopener\"><span><img decoding=\"async\" alt=\"\" data-id=\"105\" width=\"34\" data-init-width=\"35\" height=\"34\" data-init-height=\"35\" title=\"Educamex_Icono_3D\" src=\"https:\/\/educamex.mx\/wp-content\/uploads\/2022\/07\/Educamex_Icono_3D.png\" data-width=\"34\" data-height=\"34\" style=\"aspect-ratio: auto 35 \/ 35;\" loading=\"lazy\"><\/span><\/a><a href=\"https:\/\/wa.me\/5218713996588\" target=\"_blank\" rel=\"noopener\"><\/a><\/p>\n<p style=\"text-align: left;\">Instituto Sanford Aguascalientes<\/p>\n<p style=\"text-align: left;\">Con la gran aceptaci\u00f3n y crecimiento del primer campus en la ciudad de Torre\u00f3n Coahuila, los inversionistas deciden compartir este modelo con m\u00e1s estudiantes y padres de familia en otras ciudades de la rep\u00fablica. En el 2014 por temas estrat\u00e9gicos del grupo se decide iniciar en Aguascalientes con una matr\u00edcula inicial de mas de 400 alumnos en su primer a\u00f1o.<\/p>\n<p><a href=\"https:\/\/goo.gl\/maps\/ZSoa7cngxyYF9oZJ9\" target=\"_blank\" rel=\"noopener\"><span><img decoding=\"async\" alt=\"\" data-id=\"235\" width=\"24\" data-init-width=\"39\" height=\"32\" data-init-height=\"52\" title=\"location_educamex\" src=\"https:\/\/educamex.mx\/wp-content\/uploads\/2022\/07\/location_educamex.png\" data-width=\"24\" data-height=\"32\" style=\"aspect-ratio: auto 39 \/ 52;\" loading=\"lazy\"><\/span><\/a><a href=\"https:\/\/tresgo.mx\/server\/ags\/ags\/institutosanford\/\" target=\"_blank\" rel=\"noopener\"><span><img decoding=\"async\" alt=\"\" data-id=\"105\" width=\"34\" data-init-width=\"35\" height=\"34\" data-init-height=\"35\" title=\"Educamex_Icono_3D\" src=\"https:\/\/educamex.mx\/wp-content\/uploads\/2022\/07\/Educamex_Icono_3D.png\" data-width=\"34\" data-height=\"34\" style=\"aspect-ratio: auto 35 \/ 35;\" loading=\"lazy\"><\/span><\/a><a href=\"https:\/\/wa.me\/5214494552238\" target=\"_blank\" rel=\"noopener\"><\/a><a href=\"https:\/\/goo.gl\/maps\/ZSoa7cngxyYF9oZJ9\" target=\"_blank\" rel=\"noopener\"><span><img decoding=\"async\" alt=\"\" data-id=\"235\" width=\"24\" data-init-width=\"39\" height=\"32\" data-init-height=\"52\" title=\"location_educamex\" src=\"https:\/\/educamex.mx\/wp-content\/uploads\/2022\/07\/location_educamex.png\" data-width=\"24\" data-height=\"32\" style=\"aspect-ratio: auto 39 \/ 52;\" loading=\"lazy\"><\/span><\/a><a href=\"https:\/\/tresgo.mx\/server\/ags\/ags\/institutosanford\/\" target=\"_blank\" rel=\"noopener\"><span><img decoding=\"async\" alt=\"\" data-id=\"105\" width=\"34\" data-init-width=\"35\" height=\"34\" data-init-height=\"35\" title=\"Educamex_Icono_3D\" src=\"https:\/\/educamex.mx\/wp-content\/uploads\/2022\/07\/Educamex_Icono_3D.png\" data-width=\"34\" data-height=\"34\" style=\"aspect-ratio: auto 35 \/ 35;\" loading=\"lazy\"><\/span><\/a><a href=\"https:\/\/wa.me\/5214494552238\" target=\"_blank\" rel=\"noopener\"><\/a><\/p>\n<p style=\"text-align: left;\">Colegio Amsterdam CDMX<\/p>\n<p style=\"text-align: left;\">Amsterdam College is a high-level, traditional educational institution located in Mexico City and nationally recognized among schools that practice the Montessori philosophy.\n\nIts innovative vision and 45-year track record have allowed it to integrate generations of change-driving individuals into society.\n\nThis achievement is due to its educational system, which is based on personalized work on values, independence, and creativity.\n\nThrough this approach, Amsterdam College students develop the skills and attitudes they need to integrate into society with a different perspective.<\/p>\n<p><a href=\"https:\/\/goo.gl\/maps\/GjvAA4LXq422\" target=\"_blank\" rel=\"noopener\"><span><img decoding=\"async\" alt=\"\" data-id=\"235\" width=\"24\" data-init-width=\"39\" height=\"32\" data-init-height=\"52\" title=\"location_educamex\" src=\"https:\/\/educamex.mx\/wp-content\/uploads\/2022\/07\/location_educamex.png\" data-width=\"24\" data-height=\"32\" style=\"aspect-ratio: auto 39 \/ 52;\" loading=\"lazy\"><\/span><\/a><a href=\"tel:5555828074\" target=\"_blank\" rel=\"noopener\"><\/a><a href=\"https:\/\/wa.link\/5yuwhs\" target=\"_blank\" rel=\"noopener\"><\/a><a href=\"https:\/\/goo.gl\/maps\/GjvAA4LXq422\" target=\"_blank\" rel=\"noopener\"><span><img decoding=\"async\" alt=\"\" data-id=\"235\" width=\"24\" data-init-width=\"39\" height=\"32\" data-init-height=\"52\" title=\"location_educamex\" src=\"https:\/\/educamex.mx\/wp-content\/uploads\/2022\/07\/location_educamex.png\" data-width=\"24\" data-height=\"32\" style=\"aspect-ratio: auto 39 \/ 52;\" loading=\"lazy\"><\/span><\/a><a href=\"tel:5555828074\" target=\"_blank\" rel=\"noopener\"><\/a><a href=\"https:\/\/wa.link\/5yuwhs\" target=\"_blank\" rel=\"noopener\"><\/a><span><img decoding=\"async\" alt=\"\" data-id=\"94\" width=\"220\" data-init-width=\"445\" height=\"691\" data-init-height=\"1398\" title=\"Educamex_ElementosFlotantes\" src=\"https:\/\/educamex.mx\/wp-content\/uploads\/2022\/07\/Educamex_ElementosFlotantes.png\" data-width=\"220\" data-height=\"691\" style=\"aspect-ratio: auto 445 \/ 1398;\" loading=\"lazy\"><\/span><\/p>\n<p style=\"text-align: left;\">Mantente informadoNEWS ROOM<\/p>\n<p><span><img decoding=\"async\" alt=\"\" data-id=\"640\" width=\"410\" data-init-width=\"1064\" height=\"205\" data-init-height=\"532\" title=\"Logo_Big\" src=\"https:\/\/educamex.mx\/wp-content\/uploads\/2024\/03\/Logo_Big.png\" data-width=\"410\" data-height=\"205\" style=\"aspect-ratio: auto 1064 \/ 532;\" loading=\"lazy\"><\/span><span><img decoding=\"async\" alt=\"\" data-id=\"428\" width=\"195\" data-init-width=\"195\" height=\"162\" data-init-height=\"162\" title=\"Clock and stars\" src=\"https:\/\/educamex.mx\/wp-content\/uploads\/2022\/07\/Clock-and-stars-e1658772897913.png\" data-width=\"195\" data-height=\"162\" style=\"aspect-ratio: auto 195 \/ 162;\" loading=\"lazy\"><\/span><\/p>\n<p style=\"text-align: center;\">Achievements<\/p>\n<p><span><img decoding=\"async\" alt=\"\" data-id=\"407\" width=\"195\" data-init-width=\"191\" height=\"213\" data-init-height=\"209\" title=\"Alumnos\" src=\"https:\/\/educamex.mx\/wp-content\/uploads\/2022\/07\/Alumnos.png\" data-width=\"195\" data-height=\"213\" style=\"aspect-ratio: auto 191 \/ 209;\" loading=\"lazy\"><\/span><\/p>\n<p style=\"text-align: center;\">+3,000&nbsp;<\/p>\n<p style=\"text-align: center;\">Enrolled students<\/p>\n<p><span><img decoding=\"async\" alt=\"\" data-id=\"406\" width=\"203\" data-init-width=\"192\" height=\"220\" data-init-height=\"208\" title=\"Collaborators\" src=\"https:\/\/educamex.mx\/wp-content\/uploads\/2022\/07\/Colaboradores.png\" data-width=\"203\" data-height=\"220\" style=\"aspect-ratio: auto 192 \/ 208;\" loading=\"lazy\"><\/span><\/p>\n<p style=\"text-align: center;\">+400&nbsp;<\/p>\n<p style=\"text-align: center;\">Collaborators<\/p>\n<p><span><img decoding=\"async\" alt=\"\" data-id=\"405\" width=\"207\" data-init-width=\"202\" height=\"213\" data-init-height=\"208\" title=\"aos\" src=\"https:\/\/educamex.mx\/wp-content\/uploads\/2022\/07\/aos.png\" data-width=\"207\" data-height=\"213\" style=\"aspect-ratio: auto 202 \/ 208;\" loading=\"lazy\"><\/span><\/p>\n<p style=\"text-align: center;\">+45&nbsp; &nbsp;&nbsp;<\/p>\n<p style=\"text-align: center;\">Years teaching &nbsp;&nbsp;<\/p>\n<p style=\"text-align: center;\">Support structure<\/p>\n<p><span><img decoding=\"async\" alt=\"\" data-id=\"93\" width=\"82\" data-init-width=\"76\" height=\"80\" data-init-height=\"82\" title=\"Educamex_Education_Blue\" src=\"https:\/\/educamex.mx\/wp-content\/uploads\/2022\/07\/Educamex_Education_Blue.png\" data-width=\"82\" data-height=\"80\" style=\"aspect-ratio: auto 76 \/ 82;\" loading=\"lazy\"><\/span><\/p>\n<p style=\"text-align: left;\">Academic Area<\/p>\n<p><span style=\"\"><img decoding=\"async\" alt=\"\" data-id=\"124\" width=\"82\" data-init-width=\"83\" height=\"93\" data-init-height=\"70\" title=\"Educamex_Up_Pink\" src=\"https:\/\/educamex.mx\/wp-content\/uploads\/2022\/07\/Educamex_Up_Pink.png\" data-width=\"82\" data-height=\"93\" style=\"aspect-ratio: auto 83 \/ 70;\" ml-m=\"-4.9375\" mt-m=\"0\" loading=\"lazy\"><\/span><\/p>\n<p style=\"text-align: left;\">Area of Continuous Improvement<\/p>\n<p><span><img decoding=\"async\" alt=\"\" data-id=\"91\" width=\"82\" data-init-width=\"73\" height=\"82\" data-init-height=\"67\" title=\"Educamex_Computer_Systems\" src=\"https:\/\/educamex.mx\/wp-content\/uploads\/2022\/07\/Educamex_Computer_Systems.png\" data-width=\"82\" data-height=\"82\" style=\"aspect-ratio: auto 73 \/ 67;\" loading=\"lazy\"><\/span><\/p>\n<p style=\"text-align: left;\">Systems Area<\/p>\n<p><span><img decoding=\"async\" alt=\"\" data-id=\"104\" width=\"82\" data-init-width=\"77\" height=\"80\" data-init-height=\"75\" title=\"Educamex_Human_pink\" src=\"https:\/\/educamex.mx\/wp-content\/uploads\/2022\/07\/Educamex_Human_pink.png\" data-width=\"82\" data-height=\"80\" style=\"aspect-ratio: auto 77 \/ 75;\" loading=\"lazy\"><\/span><\/p>\n<p style=\"text-align: left;\">Human Resources Area<\/p>\n<p><span><img decoding=\"async\" alt=\"\" data-id=\"130\" width=\"82\" data-init-width=\"68\" height=\"93\" data-init-height=\"77\" title=\"Educamex_Voice_Green\" src=\"https:\/\/educamex.mx\/wp-content\/uploads\/2022\/07\/Educamex_Voice_Green.png\" data-width=\"82\" data-height=\"93\" style=\"aspect-ratio: auto 68 \/ 77;\" loading=\"lazy\"><\/span><\/p>\n<p style=\"text-align: left;\">Marketing and Admissions Area<\/p>\n<p><span><img decoding=\"async\" alt=\"\" data-id=\"92\" width=\"82\" data-init-width=\"67\" height=\"82\" data-init-height=\"67\" title=\"Educamex_Contraloria_Blue\" src=\"https:\/\/educamex.mx\/wp-content\/uploads\/2022\/07\/Educamex_Contraloria_Blue.png\" data-width=\"82\" data-height=\"82\" style=\"aspect-ratio: auto 67 \/ 67;\" loading=\"lazy\"><\/span><\/p>\n<p style=\"text-align: left;\">Controller's Area<\/p>\n<p style=\"text-align: left;\">Educational Partnerships<\/p>\n<p style=\"text-align: left;\">we work hand in hand with the best<\/p>\n<p><span><img decoding=\"async\" alt=\"\" data-id=\"650\" width=\"113\" data-init-width=\"450\" height=\"23\" data-init-height=\"92\" title=\"Cambridge English\" src=\"https:\/\/educamex.mx\/wp-content\/uploads\/2024\/03\/Cambridge-English.png\" data-width=\"113\" data-height=\"23\" style=\"aspect-ratio: auto 450 \/ 92;\" loading=\"lazy\"><\/span><span><img decoding=\"async\" alt=\"\" data-id=\"659\" width=\"88\" data-init-width=\"298\" height=\"27\" data-init-height=\"92\" title=\"Logo-MercadroEdu (1)\" src=\"https:\/\/educamex.mx\/wp-content\/uploads\/2024\/03\/Logo-MercadroEdu-1.png\" data-width=\"88\" data-height=\"27\" style=\"aspect-ratio: auto 298 \/ 92;\" loading=\"lazy\"><\/span><span><img decoding=\"async\" alt=\"\" data-id=\"660\" width=\"69\" data-init-width=\"158\" height=\"30\" data-init-height=\"70\" title=\"Vector\" src=\"https:\/\/educamex.mx\/wp-content\/uploads\/2024\/03\/Vector.png\" data-width=\"69\" data-height=\"30\" style=\"aspect-ratio: auto 158 \/ 70;\" loading=\"lazy\"><\/span><span><img decoding=\"async\" alt=\"\" data-id=\"661\" width=\"75\" data-init-width=\"242\" height=\"44\" data-init-height=\"143\" title=\"image-asset 1\" src=\"https:\/\/educamex.mx\/wp-content\/uploads\/2024\/03\/image-asset-1.png\" data-width=\"75\" data-height=\"44\" style=\"aspect-ratio: auto 242 \/ 143;\" loading=\"lazy\"><\/span><span><img decoding=\"async\" alt=\"\" data-id=\"662\" width=\"31\" data-init-width=\"81\" height=\"35\" data-init-height=\"92\" title=\"apple\" src=\"https:\/\/educamex.mx\/wp-content\/uploads\/2024\/03\/apple.png\" data-width=\"31\" data-height=\"35\" style=\"aspect-ratio: auto 81 \/ 92;\" loading=\"lazy\"><\/span><span><img decoding=\"async\" alt=\"\" data-id=\"664\" width=\"64\" data-init-width=\"192\" height=\"51\" data-init-height=\"154\" title=\"unesco\" src=\"https:\/\/educamex.mx\/wp-content\/uploads\/2024\/03\/unesco.png\" data-width=\"64\" data-height=\"51\" style=\"aspect-ratio: auto 192 \/ 154;\" loading=\"lazy\"><\/span><span><img decoding=\"async\" alt=\"\" data-id=\"665\" width=\"149\" data-init-width=\"374\" height=\"40\" data-init-height=\"101\" title=\"microsoft\" src=\"https:\/\/educamex.mx\/wp-content\/uploads\/2024\/03\/microsoft.png\" data-width=\"149\" data-height=\"40\" style=\"aspect-ratio: auto 374 \/ 101;\" loading=\"lazy\"><\/span><span><img decoding=\"async\" alt=\"\" data-id=\"666\" width=\"127\" data-init-width=\"374\" height=\"44\" data-init-height=\"129\" title=\"ocde\" src=\"https:\/\/educamex.mx\/wp-content\/uploads\/2024\/03\/ocde.png\" data-width=\"127\" data-height=\"44\" style=\"aspect-ratio: auto 374 \/ 129;\" loading=\"lazy\"><\/span><span><img decoding=\"async\" alt=\"\" data-id=\"667\" width=\"106\" data-init-width=\"288\" height=\"39\" data-init-height=\"106\" title=\"swift\" src=\"https:\/\/educamex.mx\/wp-content\/uploads\/2024\/03\/swift.png\" data-width=\"106\" data-height=\"39\" style=\"aspect-ratio: auto 288 \/ 106;\" loading=\"lazy\"><\/span><span><img decoding=\"async\" alt=\"\" data-id=\"671\" width=\"538\" data-init-width=\"780\" height=\"617\" data-init-height=\"894\" title=\"Rectangle 43\" src=\"https:\/\/educamex.mx\/wp-content\/uploads\/2024\/03\/Rectangle-43-e1710975570819.png\" data-width=\"538\" data-height=\"617\" style=\"aspect-ratio: auto 780 \/ 894;\" loading=\"lazy\"><\/span><\/p>\n<p style=\"text-align: left;\">Get in contact with us<\/p>","protected":false},"excerpt":{"rendered":"<p>Estamos convencidos de que una educaci\u00f3n integral y de calidad; es la herramienta m\u00e1s poderosa y transformadora que tenemos para impulsar el desarrollo sostenible y forjar el futuro de nuestras comunidades y naciones.Bienvenido y gracias por tomar el inter\u00e9s en conocernos. Sobre nosotros \u00bfPor qu\u00e9 hacemos lo que hacemos? Quienes somos y a donde vamos [&hellip;]<\/p>","protected":false},"author":1,"featured_media":0,"parent":0,"menu_order":0,"comment_status":"closed","ping_status":"closed","template":"","meta":{"footnotes":""},"class_list":["post-538","page","type-page","status-publish","hentry","post-wrapper","thrv_wrapper"],"_links":{"self":[{"href":"https:\/\/educamex.mx\/en\/wp-json\/wp\/v2\/pages\/538","targetHints":{"allow":["GET"]}}],"collection":[{"href":"https:\/\/educamex.mx\/en\/wp-json\/wp\/v2\/pages"}],"about":[{"href":"https:\/\/educamex.mx\/en\/wp-json\/wp\/v2\/types\/page"}],"author":[{"embeddable":true,"href":"https:\/\/educamex.mx\/en\/wp-json\/wp\/v2\/users\/1"}],"replies":[{"embeddable":true,"href":"https:\/\/educamex.mx\/en\/wp-json\/wp\/v2\/comments?post=538"}],"version-history":[{"count":250,"href":"https:\/\/educamex.mx\/en\/wp-json\/wp\/v2\/pages\/538\/revisions"}],"predecessor-version":[{"id":854,"href":"https:\/\/educamex.mx\/en\/wp-json\/wp\/v2\/pages\/538\/revisions\/854"}],"wp:attachment":[{"href":"https:\/\/educamex.mx\/en\/wp-json\/wp\/v2\/media?parent=538"}],"curies":[{"name":"wp","href":"https:\/\/api.w.org\/{rel}","templated":true}]}}